{"id":329,"date":"2015-03-02T21:53:58","date_gmt":"2015-03-03T00:53:58","guid":{"rendered":"http:\/\/clubjaque64.com\/?page_id=329"},"modified":"2022-09-06T01:04:15","modified_gmt":"2022-09-06T05:04:15","slug":"contacto","status":"publish","type":"page","link":"https:\/\/clubjaque64.com\/?page_id=329","title":{"rendered":"Contacto"},"content":{"rendered":"<h3><span style=\"text-decoration: underline;\"><strong>Club de A<\/strong><\/span><span style=\"text-decoration: underline;\"><strong>jedrez Jaque 64<\/strong><\/span><\/h3>\n<p><strong>Fundado el segundo semestre del a\u00f1o 2009 en A<\/strong><strong>rica, desarrolla:<\/strong><\/p>\n<p><strong>&#8211; Eventos de Ajedrez, Torneos de inter\u00e9s regi<\/strong><strong>onal, na<\/strong><strong>cional e<\/strong><strong> in<\/strong><strong>ternacional<\/strong><br \/>\n<strong>&#8211; Giras nacionales e internacionales<\/strong><br \/>\n<strong>&#8211; Academias niveles inicial, intermedio y avanzado<\/strong><br \/>\n<strong>&#8211; Transmisi\u00f3n de torneos, charlas y cl\u00ednicas<\/strong><br \/>\n<strong>&#8211; Recreaci\u00f3n, difusi\u00f3n y todo lo relacionado con el deporte ciencia Ajedrez<\/strong><\/p>\n<p><strong>Direccion:\u00a0 Sim\u00f3n Bolivar #435, Poblacion Magisterio (frente a los carabineros)<\/strong><br \/>\n<strong> Presidente del Club Jaque 64: Antonio P\u00e9rez Santos<\/strong><br \/>\n<strong> Instructor del Club Jaque 64: Guillermo P\u00e1ez Medina<\/strong><\/p>\n<p><span style=\"text-decoration: underline;\"><strong>CONTACTO<\/strong><\/span><\/p>\n<p><strong>e mail:\u00a0 clubjaque64@gmail.com<\/strong><br \/>\n<strong> web:\u00a0 clubjaque64.com &#8211; clubjaque64.blogspot.com<\/strong><br \/>\n<strong>facebook: <a href=\"https:\/\/www.facebook.com\/clubjaque.sesentaycuatro\">Club Jaque Sesenta y Cuatro<\/a><\/strong><\/p>\n<p><strong> Celular: \u00a0 944828951\u00a0(Sr. Antonio Perez)<\/strong><\/p>\n<p><strong>Todas las sugerencias y consultas ser\u00e1n\u00a0bienvenidas<br \/>\n<\/strong><\/p>\n<p>&nbsp;<\/p>\n","protected":false},"excerpt":{"rendered":"<p>Club de Ajedrez Jaque 64 Fundado el segundo semestre del a\u00f1o 2009 en Arica, desarrolla: &#8211; Eventos de Ajedrez, Torneos de inter\u00e9s regional, nacional e internacional &#8211; Giras nacionales e internacionales &#8211; Academias niveles inicial, intermedio y avanzado &#8211; Transmisi\u00f3n de torneos, charlas y cl\u00ednicas &#8211; Recreaci\u00f3n, difusi\u00f3n y todo lo relacionado con el deporte [&hellip;]<\/p>\n","protected":false},"author":1,"featured_media":2116,"parent":0,"menu_order":3,"comment_status":"open","ping_status":"closed","template":"page-pagebuilder-title.php","meta":{"footnotes":""},"class_list":["post-329","page","type-page","status-publish","has-post-thumbnail","hentry"],"_links":{"self":[{"href":"https:\/\/clubjaque64.com\/index.php?rest_route=\/wp\/v2\/pages\/329","targetHints":{"allow":["GET"]}}],"collection":[{"href":"https:\/\/clubjaque64.com\/index.php?rest_route=\/wp\/v2\/pages"}],"about":[{"href":"https:\/\/clubjaque64.com\/index.php?rest_route=\/wp\/v2\/types\/page"}],"author":[{"embeddable":true,"href":"https:\/\/clubjaque64.com\/index.php?rest_route=\/wp\/v2\/users\/1"}],"replies":[{"embeddable":true,"href":"https:\/\/clubjaque64.com\/index.php?rest_route=%2Fwp%2Fv2%2Fcomments&post=329"}],"version-history":[{"count":30,"href":"https:\/\/clubjaque64.com\/index.php?rest_route=\/wp\/v2\/pages\/329\/revisions"}],"predecessor-version":[{"id":9843,"href":"https:\/\/clubjaque64.com\/index.php?rest_route=\/wp\/v2\/pages\/329\/revisions\/9843"}],"wp:featuredmedia":[{"embeddable":true,"href":"https:\/\/clubjaque64.com\/index.php?rest_route=\/wp\/v2\/media\/2116"}],"wp:attachment":[{"href":"https:\/\/clubjaque64.com\/index.php?rest_route=%2Fwp%2Fv2%2Fmedia&parent=329"}],"curies":[{"name":"wp","href":"https:\/\/api.w.org\/{rel}","templated":true}]}}